{"id":103,"date":"2020-12-29T16:16:31","date_gmt":"2020-12-29T19:16:31","guid":{"rendered":"https:\/\/tiotande.com.br\/lojattt01\/?post_type=product&#038;p=103"},"modified":"2020-12-29T18:32:00","modified_gmt":"2020-12-29T21:32:00","slug":"bola-frescobol-penn-ultra-blue-oficial-kit-02-unidades","status":"publish","type":"product","link":"https:\/\/tiotande.com.br\/lojattt01\/produto\/bola-frescobol-penn-ultra-blue-oficial-kit-02-unidades\/","title":{"rendered":"Bola Frescobol Penn Ultra Blue Oficial &#8211; (kit 02 unidades)"},"content":{"rendered":"<p>Bola Frescobol Pro Ultra Blue Oficial &#8211; original &#8211; kit com 02 unidades<\/p>\n<p>Melhor visibilidade, menor peso e a sensa\u00e7\u00e3o mais suave na rebatida.<br \/>\nBola padr\u00e3o Penn. Mais utilizada nos EUA.<br \/>\nGarantia do Fabricante: Contra Defeito de Fabrica\u00e7\u00e3o<br \/>\nOrigem: Importado dos EUA<br \/>\nCor: Azul<br \/>\n\u00c9 fundamental para um bom jogo de frescobol que a bola seja de qualidade. A marca Penn \u00e9 a principal do mercado na produ\u00e7\u00e3o de bolas para frescobol.<br \/>\nAlta qualidade e durabilidade superior.<br \/>\nContem: 02 Bolas Penn Ultra Blue (avulsas)<\/p>\n<p>Medidas<br \/>\n5cm de di\u00e2metro (cada)<\/p>\n<p>Peso<br \/>\n40g aprox. (cada)<\/p>\n","protected":false},"excerpt":{"rendered":"<p>Bola Frescobol Pro Ultra Blue Oficial &#8211; original &#8211; kit com 02 unidades Melhor visibilidade, menor peso e a sensa\u00e7\u00e3o mais suave na rebatida. Bola padr\u00e3o Penn. Mais utilizada nos EUA. Garantia do Fabricante: Contra Defeito de Fabrica\u00e7\u00e3o Origem: Importado dos EUA Cor: Azul \u00c9 fundamental para um bom jogo de frescobol que a bola &hellip; <\/p>\n<p class=\"link-more\"><a href=\"https:\/\/tiotande.com.br\/lojattt01\/produto\/bola-frescobol-penn-ultra-blue-oficial-kit-02-unidades\/\" class=\"more-link\">Continue reading<span class=\"screen-reader-text\"> &#8220;Bola Frescobol Penn Ultra Blue Oficial &#8211; (kit 02 unidades)&#8221;<\/span><\/a><\/p>\n","protected":false},"featured_media":106,"comment_status":"open","ping_status":"closed","template":"","meta":[],"product_brand":[],"product_cat":[15,17],"product_tag":[],"class_list":{"0":"post-103","1":"product","2":"type-product","3":"status-publish","4":"has-post-thumbnail","6":"product_cat-sem-categoria","7":"product_cat-bola","9":"first","10":"instock","11":"sale","12":"shipping-taxable","13":"purchasable","14":"product-type-simple"},"_links":{"self":[{"href":"https:\/\/tiotande.com.br\/lojattt01\/wp-json\/wp\/v2\/product\/103","targetHints":{"allow":["GET"]}}],"collection":[{"href":"https:\/\/tiotande.com.br\/lojattt01\/wp-json\/wp\/v2\/product"}],"about":[{"href":"https:\/\/tiotande.com.br\/lojattt01\/wp-json\/wp\/v2\/types\/product"}],"replies":[{"embeddable":true,"href":"https:\/\/tiotande.com.br\/lojattt01\/wp-json\/wp\/v2\/comments?post=103"}],"wp:featuredmedia":[{"embeddable":true,"href":"https:\/\/tiotande.com.br\/lojattt01\/wp-json\/wp\/v2\/media\/106"}],"wp:attachment":[{"href":"https:\/\/tiotande.com.br\/lojattt01\/wp-json\/wp\/v2\/media?parent=103"}],"wp:term":[{"taxonomy":"product_brand","embeddable":true,"href":"https:\/\/tiotande.com.br\/lojattt01\/wp-json\/wp\/v2\/product_brand?post=103"},{"taxonomy":"product_cat","embeddable":true,"href":"https:\/\/tiotande.com.br\/lojattt01\/wp-json\/wp\/v2\/product_cat?post=103"},{"taxonomy":"product_tag","embeddable":true,"href":"https:\/\/tiotande.com.br\/lojattt01\/wp-json\/wp\/v2\/product_tag?post=103"}],"curies":[{"name":"wp","href":"https:\/\/api.w.org\/{rel}","templated":true}]}}