{"id":107,"date":"2020-12-29T18:17:25","date_gmt":"2020-12-29T21:17:25","guid":{"rendered":"https:\/\/tiotande.com.br\/lojattt01\/?post_type=product&#038;p=107"},"modified":"2025-01-09T12:29:03","modified_gmt":"2025-01-09T15:29:03","slug":"bola-frescobol-pro-penn-hd-roxa-oficial-kit-02-unidades","status":"publish","type":"product","link":"https:\/\/tiotande.com.br\/lojattt01\/produto\/bola-frescobol-pro-penn-hd-roxa-oficial-kit-02-unidades\/","title":{"rendered":"Bola Frescobol Pro Penn Hd Roxa Oficial (kit 02 unidades)"},"content":{"rendered":"<p>Bola Frescobol Pro Penn Hd Roxa &#8211; original &#8211; kit com 02 unidades<\/p>\n<p>Melhor visibilidade, menor peso e a sensa\u00e7\u00e3o mais suave na rebatida.<br \/>\nGarantia do Fabricante: Contra Defeito de Fabrica\u00e7\u00e3o<br \/>\nOrigem: Importado dos EUA<br \/>\nCor: Roxa<br \/>\n\u00c9 fundamental para um bom jogo de frescobol que a bola seja de qualidade. A marca Penn \u00e9 a principal do mercado na produ\u00e7\u00e3o de bolas para frescobol.<br \/>\nBola Penn Oficial do Torneiro Profissional Masculino<br \/>\nBola Oficial do Campeonato Aberto de Frescobol dos EUA<br \/>\nUsada nos campeonatos das confedera\u00e7\u00f5es, a Bola de Frescobol Penn Roxa foi confeccionada em borracha de qualidade inigual\u00e1vel, tonando-se a n\u00famero 1 em performance no mundo.<br \/>\nContem: 02 Bolas Penn Pro HD Roxa (avulsas)<\/p>\n<p>Medidas<br \/>\n5cm de di\u00e2metro<\/p>\n<p>Peso<br \/>\n40g aprox.<\/p>\n","protected":false},"excerpt":{"rendered":"<p>Bola Frescobol Pro Penn Hd Roxa &#8211; original &#8211; kit com 02 unidades Melhor visibilidade, menor peso e a sensa\u00e7\u00e3o mais suave na rebatida. Garantia do Fabricante: Contra Defeito de Fabrica\u00e7\u00e3o Origem: Importado dos EUA Cor: Roxa \u00c9 fundamental para um bom jogo de frescobol que a bola seja de qualidade. A marca Penn \u00e9 &hellip; <\/p>\n<p class=\"link-more\"><a href=\"https:\/\/tiotande.com.br\/lojattt01\/produto\/bola-frescobol-pro-penn-hd-roxa-oficial-kit-02-unidades\/\" class=\"more-link\">Continue reading<span class=\"screen-reader-text\"> &#8220;Bola Frescobol Pro Penn Hd Roxa Oficial (kit 02 unidades)&#8221;<\/span><\/a><\/p>\n","protected":false},"featured_media":112,"comment_status":"open","ping_status":"closed","template":"","meta":[],"product_brand":[],"product_cat":[17],"product_tag":[],"class_list":{"0":"post-107","1":"product","2":"type-product","3":"status-publish","4":"has-post-thumbnail","6":"product_cat-bola","8":"first","9":"instock","10":"sale","11":"shipping-taxable","12":"purchasable","13":"product-type-simple"},"_links":{"self":[{"href":"https:\/\/tiotande.com.br\/lojattt01\/wp-json\/wp\/v2\/product\/107","targetHints":{"allow":["GET"]}}],"collection":[{"href":"https:\/\/tiotande.com.br\/lojattt01\/wp-json\/wp\/v2\/product"}],"about":[{"href":"https:\/\/tiotande.com.br\/lojattt01\/wp-json\/wp\/v2\/types\/product"}],"replies":[{"embeddable":true,"href":"https:\/\/tiotande.com.br\/lojattt01\/wp-json\/wp\/v2\/comments?post=107"}],"wp:featuredmedia":[{"embeddable":true,"href":"https:\/\/tiotande.com.br\/lojattt01\/wp-json\/wp\/v2\/media\/112"}],"wp:attachment":[{"href":"https:\/\/tiotande.com.br\/lojattt01\/wp-json\/wp\/v2\/media?parent=107"}],"wp:term":[{"taxonomy":"product_brand","embeddable":true,"href":"https:\/\/tiotande.com.br\/lojattt01\/wp-json\/wp\/v2\/product_brand?post=107"},{"taxonomy":"product_cat","embeddable":true,"href":"https:\/\/tiotande.com.br\/lojattt01\/wp-json\/wp\/v2\/product_cat?post=107"},{"taxonomy":"product_tag","embeddable":true,"href":"https:\/\/tiotande.com.br\/lojattt01\/wp-json\/wp\/v2\/product_tag?post=107"}],"curies":[{"name":"wp","href":"https:\/\/api.w.org\/{rel}","templated":true}]}}