{"id":110,"date":"2020-12-29T18:43:47","date_gmt":"2020-12-29T21:43:47","guid":{"rendered":"https:\/\/tiotande.com.br\/lojattt01\/?post_type=product&#038;p=110"},"modified":"2020-12-30T00:34:17","modified_gmt":"2020-12-30T03:34:17","slug":"bola-frescobol-penn-ultra-blue-oficial-pote-03-unidades","status":"publish","type":"product","link":"https:\/\/tiotande.com.br\/lojattt01\/produto\/bola-frescobol-penn-ultra-blue-oficial-pote-03-unidades\/","title":{"rendered":"Bola Frescobol Penn Ultra Blue Oficial &#8211; pote 03 unidades"},"content":{"rendered":"<p>Bola Frescobol Pro Ultra Blue Oficial &#8211; original &#8211; pote com 03 unidades<\/p>\n<p>Melhor visibilidade, menor peso e a sensa\u00e7\u00e3o mais suave na rebatida.<br \/>\nBola padr\u00e3o Penn. Mais utilizada nos EUA.<br \/>\nGarantia do Fabricante: Contra Defeito de Fabrica\u00e7\u00e3o<br \/>\nOrigem: Importado dos EUA<br \/>\nCor: Azul<br \/>\n\u00c9 fundamental para um bom jogo de frescobol que a bola seja de qualidade. A marca Penn \u00e9 a principal do mercado na produ\u00e7\u00e3o de bolas para frescobol.<br \/>\nAlta qualidade e durabilidade superior.<\/p>\n<p>Contem: 03 Bolas Penn Ultra Blue no pote lacrado<\/p>\n<p>Medidas<br \/>\n18cm altura x\u00a0 07cm di\u00e2metro<\/p>\n<p>Peso<br \/>\n135g aprox. (pote lacrado)<\/p>\n","protected":false},"excerpt":{"rendered":"<p>Bola Frescobol Pro Ultra Blue Oficial &#8211; original &#8211; pote com 03 unidades Melhor visibilidade, menor peso e a sensa\u00e7\u00e3o mais suave na rebatida. Bola padr\u00e3o Penn. Mais utilizada nos EUA. Garantia do Fabricante: Contra Defeito de Fabrica\u00e7\u00e3o Origem: Importado dos EUA Cor: Azul \u00c9 fundamental para um bom jogo de frescobol que a bola &hellip; <\/p>\n<p class=\"link-more\"><a href=\"https:\/\/tiotande.com.br\/lojattt01\/produto\/bola-frescobol-penn-ultra-blue-oficial-pote-03-unidades\/\" class=\"more-link\">Continue reading<span class=\"screen-reader-text\"> &#8220;Bola Frescobol Penn Ultra Blue Oficial &#8211; pote 03 unidades&#8221;<\/span><\/a><\/p>\n","protected":false},"featured_media":114,"comment_status":"open","ping_status":"closed","template":"","meta":[],"product_brand":[],"product_cat":[17],"product_tag":[],"class_list":{"0":"post-110","1":"product","2":"type-product","3":"status-publish","4":"has-post-thumbnail","6":"product_cat-bola","8":"first","9":"instock","10":"sale","11":"shipping-taxable","12":"purchasable","13":"product-type-simple"},"_links":{"self":[{"href":"https:\/\/tiotande.com.br\/lojattt01\/wp-json\/wp\/v2\/product\/110","targetHints":{"allow":["GET"]}}],"collection":[{"href":"https:\/\/tiotande.com.br\/lojattt01\/wp-json\/wp\/v2\/product"}],"about":[{"href":"https:\/\/tiotande.com.br\/lojattt01\/wp-json\/wp\/v2\/types\/product"}],"replies":[{"embeddable":true,"href":"https:\/\/tiotande.com.br\/lojattt01\/wp-json\/wp\/v2\/comments?post=110"}],"wp:featuredmedia":[{"embeddable":true,"href":"https:\/\/tiotande.com.br\/lojattt01\/wp-json\/wp\/v2\/media\/114"}],"wp:attachment":[{"href":"https:\/\/tiotande.com.br\/lojattt01\/wp-json\/wp\/v2\/media?parent=110"}],"wp:term":[{"taxonomy":"product_brand","embeddable":true,"href":"https:\/\/tiotande.com.br\/lojattt01\/wp-json\/wp\/v2\/product_brand?post=110"},{"taxonomy":"product_cat","embeddable":true,"href":"https:\/\/tiotande.com.br\/lojattt01\/wp-json\/wp\/v2\/product_cat?post=110"},{"taxonomy":"product_tag","embeddable":true,"href":"https:\/\/tiotande.com.br\/lojattt01\/wp-json\/wp\/v2\/product_tag?post=110"}],"curies":[{"name":"wp","href":"https:\/\/api.w.org\/{rel}","templated":true}]}}