{"id":87,"date":"2020-12-29T13:41:02","date_gmt":"2020-12-29T16:41:02","guid":{"rendered":"https:\/\/tiotande.com.br\/lojattt01\/?post_type=product&#038;p=87"},"modified":"2025-01-09T12:37:08","modified_gmt":"2025-01-09T15:37:08","slug":"bola-frescobol-penn-ultra-blue-oficial-avulsa","status":"publish","type":"product","link":"https:\/\/tiotande.com.br\/lojattt01\/produto\/bola-frescobol-penn-ultra-blue-oficial-avulsa\/","title":{"rendered":"Bola Frescobol Penn Ultra Blue Oficial (avulsa)"},"content":{"rendered":"<p>Bola Frescobol Pro Ultra Blue Oficial &#8211; original &#8211; avulsa<\/p>\n<p>Melhor visibilidade, menor peso e a sensa\u00e7\u00e3o mais suave na rebatida.<br \/>\nBola padr\u00e3o Penn. Mais utilizada nos EUA.<br \/>\nGarantia do Fabricante: Contra Defeito de Fabrica\u00e7\u00e3o<br \/>\nOrigem: Importado dos EUA<br \/>\nCor: Azul<br \/>\n\u00c9 fundamental para um bom jogo de frescobol que a bola seja de qualidade. A marca Penn \u00e9 a principal do mercado na produ\u00e7\u00e3o de bolas para frescobol.<br \/>\nAlta qualidade e durabilidade superior.<br \/>\nContem: 01 Bola Penn Ultra Blue (avulsa)<\/p>\n<p>Medidas<br \/>\n5cm de di\u00e2metro<\/p>\n<p>Peso<br \/>\n40g aprox.<\/p>\n","protected":false},"excerpt":{"rendered":"<p>Bola Frescobol Pro Ultra Blue Oficial &#8211; original &#8211; avulsa Melhor visibilidade, menor peso e a sensa\u00e7\u00e3o mais suave na rebatida. Bola padr\u00e3o Penn. Mais utilizada nos EUA. Garantia do Fabricante: Contra Defeito de Fabrica\u00e7\u00e3o Origem: Importado dos EUA Cor: Azul \u00c9 fundamental para um bom jogo de frescobol que a bola seja de qualidade. &hellip; <\/p>\n<p class=\"link-more\"><a href=\"https:\/\/tiotande.com.br\/lojattt01\/produto\/bola-frescobol-penn-ultra-blue-oficial-avulsa\/\" class=\"more-link\">Continue reading<span class=\"screen-reader-text\"> &#8220;Bola Frescobol Penn Ultra Blue Oficial (avulsa)&#8221;<\/span><\/a><\/p>\n","protected":false},"featured_media":88,"comment_status":"open","ping_status":"closed","template":"","meta":[],"product_brand":[],"product_cat":[17],"product_tag":[],"class_list":{"0":"post-87","1":"product","2":"type-product","3":"status-publish","4":"has-post-thumbnail","6":"product_cat-bola","8":"first","9":"instock","10":"sale","11":"shipping-taxable","12":"purchasable","13":"product-type-simple"},"_links":{"self":[{"href":"https:\/\/tiotande.com.br\/lojattt01\/wp-json\/wp\/v2\/product\/87","targetHints":{"allow":["GET"]}}],"collection":[{"href":"https:\/\/tiotande.com.br\/lojattt01\/wp-json\/wp\/v2\/product"}],"about":[{"href":"https:\/\/tiotande.com.br\/lojattt01\/wp-json\/wp\/v2\/types\/product"}],"replies":[{"embeddable":true,"href":"https:\/\/tiotande.com.br\/lojattt01\/wp-json\/wp\/v2\/comments?post=87"}],"wp:featuredmedia":[{"embeddable":true,"href":"https:\/\/tiotande.com.br\/lojattt01\/wp-json\/wp\/v2\/media\/88"}],"wp:attachment":[{"href":"https:\/\/tiotande.com.br\/lojattt01\/wp-json\/wp\/v2\/media?parent=87"}],"wp:term":[{"taxonomy":"product_brand","embeddable":true,"href":"https:\/\/tiotande.com.br\/lojattt01\/wp-json\/wp\/v2\/product_brand?post=87"},{"taxonomy":"product_cat","embeddable":true,"href":"https:\/\/tiotande.com.br\/lojattt01\/wp-json\/wp\/v2\/product_cat?post=87"},{"taxonomy":"product_tag","embeddable":true,"href":"https:\/\/tiotande.com.br\/lojattt01\/wp-json\/wp\/v2\/product_tag?post=87"}],"curies":[{"name":"wp","href":"https:\/\/api.w.org\/{rel}","templated":true}]}}