{"id":95,"date":"2020-12-29T15:32:43","date_gmt":"2020-12-29T18:32:43","guid":{"rendered":"https:\/\/tiotande.com.br\/lojattt01\/?post_type=product&#038;p=95"},"modified":"2025-12-19T08:44:21","modified_gmt":"2025-12-19T11:44:21","slug":"bola-frescobol-pro-penn-verde-oficial-avulsa","status":"publish","type":"product","link":"https:\/\/tiotande.com.br\/lojattt01\/produto\/bola-frescobol-pro-penn-verde-oficial-avulsa\/","title":{"rendered":"Bola Frescobol Pro Penn Verde Oficial (avulsa)"},"content":{"rendered":"<p>Bola Frescobol Pro Penn Verde &#8211; original &#8211; avulsa<\/p>\n<p>Melhor visibilidade, menor peso e a sensa\u00e7\u00e3o mais suave na rebatida.<br \/>\nBola oficial, a mais usada nos torneios de frescobol dos EUA.<br \/>\nGarantia do Fabricante: Contra Defeito de Fabrica\u00e7\u00e3o<br \/>\nOrigem: Importado dos EUA<br \/>\nCor: Verde<br \/>\n\u00c9 fundamental para um bom jogo de frescobol que a bola seja de qualidade. A marca Penn \u00e9 a principal do mercado na produ\u00e7\u00e3o de bolas para frescobol.<br \/>\nBola Oficial do Campeonato Aberto de Frescobol dos EUA<br \/>\nSua cor verde brilhante proporciona \u00f3tima visibilidade na quadra e consist\u00eancia na velocidade.<br \/>\nContem: 01 Bola Pro Penn Verde (avulsa)<\/p>\n<p>Medidas<br \/>\n5cm de di\u00e2metro<\/p>\n<p>Peso<br \/>\n40g aprox.<\/p>\n","protected":false},"excerpt":{"rendered":"<p>Bola Frescobol Pro Penn Verde &#8211; original &#8211; avulsa Melhor visibilidade, menor peso e a sensa\u00e7\u00e3o mais suave na rebatida. Bola oficial, a mais usada nos torneios de frescobol dos EUA. Garantia do Fabricante: Contra Defeito de Fabrica\u00e7\u00e3o Origem: Importado dos EUA Cor: Verde \u00c9 fundamental para um bom jogo de frescobol que a bola &hellip; <\/p>\n<p class=\"link-more\"><a href=\"https:\/\/tiotande.com.br\/lojattt01\/produto\/bola-frescobol-pro-penn-verde-oficial-avulsa\/\" class=\"more-link\">Continue reading<span class=\"screen-reader-text\"> &#8220;Bola Frescobol Pro Penn Verde Oficial (avulsa)&#8221;<\/span><\/a><\/p>\n","protected":false},"featured_media":96,"comment_status":"open","ping_status":"closed","template":"","meta":[],"product_brand":[],"product_cat":[15,17],"product_tag":[],"class_list":{"0":"post-95","1":"product","2":"type-product","3":"status-publish","4":"has-post-thumbnail","6":"product_cat-sem-categoria","7":"product_cat-bola","9":"first","10":"instock","11":"sale","12":"shipping-taxable","13":"purchasable","14":"product-type-simple"},"_links":{"self":[{"href":"https:\/\/tiotande.com.br\/lojattt01\/wp-json\/wp\/v2\/product\/95","targetHints":{"allow":["GET"]}}],"collection":[{"href":"https:\/\/tiotande.com.br\/lojattt01\/wp-json\/wp\/v2\/product"}],"about":[{"href":"https:\/\/tiotande.com.br\/lojattt01\/wp-json\/wp\/v2\/types\/product"}],"replies":[{"embeddable":true,"href":"https:\/\/tiotande.com.br\/lojattt01\/wp-json\/wp\/v2\/comments?post=95"}],"wp:featuredmedia":[{"embeddable":true,"href":"https:\/\/tiotande.com.br\/lojattt01\/wp-json\/wp\/v2\/media\/96"}],"wp:attachment":[{"href":"https:\/\/tiotande.com.br\/lojattt01\/wp-json\/wp\/v2\/media?parent=95"}],"wp:term":[{"taxonomy":"product_brand","embeddable":true,"href":"https:\/\/tiotande.com.br\/lojattt01\/wp-json\/wp\/v2\/product_brand?post=95"},{"taxonomy":"product_cat","embeddable":true,"href":"https:\/\/tiotande.com.br\/lojattt01\/wp-json\/wp\/v2\/product_cat?post=95"},{"taxonomy":"product_tag","embeddable":true,"href":"https:\/\/tiotande.com.br\/lojattt01\/wp-json\/wp\/v2\/product_tag?post=95"}],"curies":[{"name":"wp","href":"https:\/\/api.w.org\/{rel}","templated":true}]}}