{"id":99,"date":"2020-12-29T16:08:40","date_gmt":"2020-12-29T19:08:40","guid":{"rendered":"https:\/\/tiotande.com.br\/lojattt01\/?post_type=product&#038;p=99"},"modified":"2025-12-19T08:44:21","modified_gmt":"2025-12-19T11:44:21","slug":"bola-frescobol-penn-balistic-vermelha-oficial-avulsa","status":"publish","type":"product","link":"https:\/\/tiotande.com.br\/lojattt01\/produto\/bola-frescobol-penn-balistic-vermelha-oficial-avulsa\/","title":{"rendered":"Bola Frescobol Penn Balistic 2.0 Vermelha Oficial (avulsa)"},"content":{"rendered":"<p>Bolas Frescobol Penn Balistic 2.0 Vermelha &#8211; original &#8211; avulsa<\/p>\n<p>A Penn Ballistic 2.0 \u00e9 a bola mais r\u00e1pida da Penn e foi criada para o frescobol mais intenso.<br \/>\nDesenhada para frescobol ao ar livre com velocidade explosiva, maior durabilidade e visibilidade m\u00e1xima.<br \/>\nA Ballistic 2.0 tamb\u00e9m \u00e9 \u00f3tima para jogos indoor de velocidade.<br \/>\nExperimente o frescobol em n\u00edvel aprimorado com a Penn Ballistic 2.0.<br \/>\nOrigem: Importado dos EUA<br \/>\nCor: Vermelha<br \/>\nContem: 01 Bola Penn Balistic 2.0 (avulsa)<\/p>\n<p>Medidas<br \/>\n5cm de di\u00e2metro<\/p>\n<p>Peso<br \/>\n40g aprox.<\/p>\n","protected":false},"excerpt":{"rendered":"<p>Bolas Frescobol Penn Balistic 2.0 Vermelha &#8211; original &#8211; avulsa A Penn Ballistic 2.0 \u00e9 a bola mais r\u00e1pida da Penn e foi criada para o frescobol mais intenso. Desenhada para frescobol ao ar livre com velocidade explosiva, maior durabilidade e visibilidade m\u00e1xima. A Ballistic 2.0 tamb\u00e9m \u00e9 \u00f3tima para jogos indoor de velocidade. Experimente &hellip; <\/p>\n<p class=\"link-more\"><a href=\"https:\/\/tiotande.com.br\/lojattt01\/produto\/bola-frescobol-penn-balistic-vermelha-oficial-avulsa\/\" class=\"more-link\">Continue reading<span class=\"screen-reader-text\"> &#8220;Bola Frescobol Penn Balistic 2.0 Vermelha Oficial (avulsa)&#8221;<\/span><\/a><\/p>\n","protected":false},"featured_media":100,"comment_status":"open","ping_status":"closed","template":"","meta":[],"product_brand":[],"product_cat":[17],"product_tag":[],"class_list":{"0":"post-99","1":"product","2":"type-product","3":"status-publish","4":"has-post-thumbnail","6":"product_cat-bola","8":"first","9":"instock","10":"sale","11":"shipping-taxable","12":"purchasable","13":"product-type-simple"},"_links":{"self":[{"href":"https:\/\/tiotande.com.br\/lojattt01\/wp-json\/wp\/v2\/product\/99","targetHints":{"allow":["GET"]}}],"collection":[{"href":"https:\/\/tiotande.com.br\/lojattt01\/wp-json\/wp\/v2\/product"}],"about":[{"href":"https:\/\/tiotande.com.br\/lojattt01\/wp-json\/wp\/v2\/types\/product"}],"replies":[{"embeddable":true,"href":"https:\/\/tiotande.com.br\/lojattt01\/wp-json\/wp\/v2\/comments?post=99"}],"wp:featuredmedia":[{"embeddable":true,"href":"https:\/\/tiotande.com.br\/lojattt01\/wp-json\/wp\/v2\/media\/100"}],"wp:attachment":[{"href":"https:\/\/tiotande.com.br\/lojattt01\/wp-json\/wp\/v2\/media?parent=99"}],"wp:term":[{"taxonomy":"product_brand","embeddable":true,"href":"https:\/\/tiotande.com.br\/lojattt01\/wp-json\/wp\/v2\/product_brand?post=99"},{"taxonomy":"product_cat","embeddable":true,"href":"https:\/\/tiotande.com.br\/lojattt01\/wp-json\/wp\/v2\/product_cat?post=99"},{"taxonomy":"product_tag","embeddable":true,"href":"https:\/\/tiotande.com.br\/lojattt01\/wp-json\/wp\/v2\/product_tag?post=99"}],"curies":[{"name":"wp","href":"https:\/\/api.w.org\/{rel}","templated":true}]}}